{"id":146,"date":"2017-12-13T10:49:59","date_gmt":"2017-12-13T09:49:59","guid":{"rendered":"http:\/\/psychologue91.fr\/wordpress\/?page_id=146"},"modified":"2019-04-17T14:54:26","modified_gmt":"2019-04-17T13:54:26","slug":"pour-adultes","status":"publish","type":"page","link":"https:\/\/psychologue91.fr\/wordpress\/pour-adultes\/","title":{"rendered":"&#8230; pour adultes"},"content":{"rendered":"\n\t<p>Tout adulte est confront\u00e9 \u00e0 un moment ou un autre de sa vie \u00e0 des <strong>difficult\u00e9s<\/strong>, des <strong>troubles<\/strong> ou des <strong>sympt\u00f4mes<\/strong> tels que :<a href=\"http:\/\/psychologue91.fr\/wordpress\/wp-content\/uploads\/2019\/03\/Psychotherapie-les-seances-matinales-plus-efficaces_width1024.jpg\"><img loading=\"lazy\" src=\"http:\/\/psychologue91.fr\/wordpress\/wp-content\/uploads\/2019\/03\/Psychotherapie-les-seances-matinales-plus-efficaces_width1024-300x200.jpg\" alt=\"\" width=\"300\" height=\"200\" \/><\/a><\/p>\n<ul>\n<li>\n<ul>\n<li>Les situations douloureuses de type harc\u00e8lement, violence <\/li>\n<li>Les difficult\u00e9s professionnelles ou relationnelles<\/li>\n<li>Les \u00e9preuves de la vie telles qu&rsquo;un d\u00e9c\u00e8s, une maladie, une s\u00e9paration, un \u00e9chec&#8230;<\/li>\n<li>Les suites de chocs traumatiques (<em><u>agression, cambriolage, accident&#8230;<\/u><\/em>)<\/li>\n<li>Les d\u00e9pendances (<em><u>alcool, drogue, nourriture, jeux, sexe&#8230;<\/u><\/em>)<\/li>\n<li>les comportements psychosomatiques (<em><u>certaines maladies de peau, douleurs, troubles digestifs&#8230;<\/u><\/em>)<\/li>\n<\/ul>\n<\/li>\n<\/ul>\n<p>&nbsp;<\/p>\n<p>Le point commun \u00e0 toutes ces situations est la <strong>DOULEUR mentale et psychologique<\/strong> qui aujourd&rsquo;hui encore est parfois <strong>difficile \u00e0 avouer<\/strong> aux autres et \u00e0 soi-m\u00eame. C&rsquo;est une douleur de chaque instant qui n&rsquo;est pas \u00ab\u00a0<em><u>visible<\/u>\u00ab\u00a0<\/em>, ni \u00ab\u00a0<em><u>objective<\/u><\/em>\u00a0\u00bb comme une fracture ou une rage de dents, ce qui explique d&rsquo;ailleurs les relations avec l&rsquo;entourage qui a souvent des difficult\u00e9s \u00e0 comprendre cette douleur.<\/p>\n<p>&nbsp;<\/p>\n<p>De nombreux tabous et croyances subsistent concernant la psychoth\u00e9rapie, car il y a toujours en fond les notions de \u00ab\u00a0<em><u>folie<\/u>\u00ab\u00a0<\/em>, de \u00ab\u00a0<em><u>honte<\/u>\u00ab\u00a0<\/em>, de \u00ab\u00a0<em><u>culpabilit\u00e9<\/u>\u00ab\u00a0<\/em>.<\/p>\n<p>Mettre un pl\u00e2tre quand on se casse un bras, bien s\u00fbr. Prendre un antalgique quand on a mal \u00e0 la t\u00eate, oui. Prendre un somnif\u00e8re quand on ne dort pas, pourquoi pas ? Mais <strong>consulter un psychologue<\/strong> quand on n&rsquo;arrive pas \u00e0 surmonter une \u00e9preuve, quand <strong>on est toujours angoiss\u00e9<\/strong>, quand <strong>on se sent enferm\u00e9 dans sa vie<\/strong>, ce n&rsquo;est pas aussi naturel. <\/p>\n<p>Et pourtant, la douleur psychique est tr\u00e8s souvent d\u00e9crite et ressentie comme beaucoup plus difficile \u00e0 surmonter que la douleur physique.<\/p>\n<p>&nbsp;<\/p>\n<p><strong>Faire la d\u00e9marche<\/strong> et prendre un rendez-vous chez un phychologue est d\u00e9j\u00e0 le premier pas sur le chemin de la gu\u00e9rison, et ce premier pas est parfois encourag\u00e9 par l&rsquo;entourage familial, amical, ou m\u00e9dical qui connait <strong><u>les bienfaits du travail de psychoth\u00e9rapie<\/u><\/strong>.<\/p>\n<p>Chez l&rsquo;adulte, la psychoth\u00e9rapie est <strong>une d\u00e9marche personnelle accompagn\u00e9e d&rsquo;une demande d&rsquo;aide et de soutien<\/strong>. <\/p>\n<p>Au-del\u00e0 des motifs de consultations d\u00e9crits plus haut qui r\u00e9clament des r\u00e9ponses, la psychoth\u00e9rapie chez l&rsquo;adulte est <u>un processus de transformation<\/u>, un <strong>v\u00e9ritable cheminement personne<\/strong>l qui vise \u00e0 devenir soi-m\u00eame, \u00e0 se r\u00e9concilier avec la vie.<\/p>\n","protected":false},"excerpt":{"rendered":"<p>Tout adulte est confront\u00e9 \u00e0 un moment ou un autre de sa vie \u00e0 des difficult\u00e9s, des troubles ou des sympt\u00f4mes tels que : Les situations douloureuses de type harc\u00e8lement, violence Les difficult\u00e9s professionnelles ou relationnelles Les \u00e9preuves de la vie telles qu&rsquo;un d\u00e9c\u00e8s, une maladie, une s\u00e9paration, un \u00e9chec&#8230; Les suites de chocs traumatiques [&hellip;]<\/p>\n","protected":false},"author":1,"featured_media":0,"parent":0,"menu_order":0,"comment_status":"closed","ping_status":"closed","template":"","meta":[],"_links":{"self":[{"href":"https:\/\/psychologue91.fr\/wordpress\/wp-json\/wp\/v2\/pages\/146"}],"collection":[{"href":"https:\/\/psychologue91.fr\/wordpress\/wp-json\/wp\/v2\/pages"}],"about":[{"href":"https:\/\/psychologue91.fr\/wordpress\/wp-json\/wp\/v2\/types\/page"}],"author":[{"embeddable":true,"href":"https:\/\/psychologue91.fr\/wordpress\/wp-json\/wp\/v2\/users\/1"}],"replies":[{"embeddable":true,"href":"https:\/\/psychologue91.fr\/wordpress\/wp-json\/wp\/v2\/comments?post=146"}],"version-history":[{"count":14,"href":"https:\/\/psychologue91.fr\/wordpress\/wp-json\/wp\/v2\/pages\/146\/revisions"}],"predecessor-version":[{"id":550,"href":"https:\/\/psychologue91.fr\/wordpress\/wp-json\/wp\/v2\/pages\/146\/revisions\/550"}],"wp:attachment":[{"href":"https:\/\/psychologue91.fr\/wordpress\/wp-json\/wp\/v2\/media?parent=146"}],"curies":[{"name":"wp","href":"https:\/\/api.w.org\/{rel}","templated":true}]}}