{"id":148,"date":"2017-12-13T10:50:21","date_gmt":"2017-12-13T09:50:21","guid":{"rendered":"http:\/\/psychologue91.fr\/wordpress\/?page_id=148"},"modified":"2019-04-17T14:56:11","modified_gmt":"2019-04-17T13:56:11","slug":"pour-couples","status":"publish","type":"page","link":"https:\/\/psychologue91.fr\/wordpress\/pour-couples\/","title":{"rendered":"&#8230; pour couples"},"content":{"rendered":"\n<p>Etre en couple, c&rsquo;est rencontrer \u00e0 un moment ou \u00e0 un autre certaines difficult\u00e9s. Celles-ci sont parfois surmontables \u00e0 deux, mais parfois on peut ressentir le besoin d&rsquo;une tierce personne pour nous accompagner, comme lors de :<\/p>\n<ul>\n<li>Recompositions familiales<a href=\"..\/wp-content\/uploads\/2017\/12\/couple.jpg\"><img loading=\"lazy\" src=\"..\/wp-content\/uploads\/2017\/12\/couple-300x221.jpg\" alt=\"\" width=\"300\" height=\"221\" \/><\/a><\/li>\n<li>Maladie, handicap d&rsquo;un partenaire ou d&rsquo;un proche de la famille<\/li>\n<li>Divergences \u00e9ducatives<\/li>\n<li>Difficult\u00e9s \u00e0 communiquer<\/li>\n<li>Troubles de la sexualit\u00e9 (<em>baisse ou manque de d\u00e9sir sexuel, insatisfaction sexuelle&#8230;<\/em>)<\/li>\n<li>Difficult\u00e9s li\u00e9es \u00e0 la grossesse<\/li>\n<li>D\u00e9sir d&rsquo;enfant, st\u00e9rilit\u00e9<\/li>\n<\/ul>\n\n\n<p><strong>Entreprendre une th\u00e9rapie de couple est une aventure<\/strong>, parfois une \u00ab\u00a0<em>derni\u00e8re chance<\/em>\u00a0\u00bb : la communication s&rsquo;est rompue, les partenaires ne se reconnaissent plus dans leur vision du couple, <u>des \u00e9v\u00e9nements factuels ont perturb\u00e9 la vie du couple<\/u>&#8230;<\/p>\n<p>Pour aider le couple en demande, le psychologue essaie de trouver dans l&rsquo;histoire du couple lui-m\u00eame, mais aussi dans l&rsquo;histoire familiale de chacun des deux patients, s&rsquo;il n&rsquo;y a pas reproduction de sch\u00e9mas familiaux ou de sch\u00e9mas d\u00e9j\u00e0 v\u00e9cus lors d&rsquo;autres unions.<\/p>\n<p>Il n&rsquo;est pas question de chercher lequel des deux a tort ou a raison. La pr\u00e9sence du psychologue, qui apporte <strong>un regard objectif et distanci\u00e9<\/strong>, permet \u00e0 l&rsquo;un comme l&rsquo;autre de <strong>dire ce qu&rsquo;il n&rsquo;ose pas exprimer<\/strong> en dehors du cabinet et ainsi d\u00e9bloquer des situations <u>qui paraissent insurmontables<\/u>.<\/p>\n<p>Un mot, une phrase, une explication, une question permettent de mieux comprendre l&rsquo;autre, et ses propres r\u00e9actions. Des d\u00e9clics et des prises de conscience se font au fur et \u00e0 mesure que chacun arrive \u00e0 verbaliser ce qu&rsquo;il ressent. Il est toujours surprenant de voir l&rsquo;impact \u00e9motionnel des situations \u00e9voqu\u00e9es.<\/p>\n<p><a href=\"http:\/\/psychologue91.fr\/wordpress\/wp-content\/uploads\/2019\/02\/therapeute-de-couple-quand-faut-il-consulter.jpeg\"><img loading=\"lazy\" src=\"http:\/\/psychologue91.fr\/wordpress\/wp-content\/uploads\/2019\/02\/therapeute-de-couple-quand-faut-il-consulter-300x149.jpeg\" alt=\"\" width=\"300\" height=\"149\" \/><\/a><\/p>\n<p><strong>Les objectifs des s\u00e9ances de psychologie pour le couple :<\/strong><\/p>\n<ul>\n<li>Identifier la dynamique de la relation<\/li>\n<li>Am\u00e9liorer la connaissance des besoins et aspirations de chacun<\/li>\n<li>Faire \u00e9merger les forces, faiblesses et trains de personnalit\u00e9 de chacun<\/li>\n<li>Rep\u00e9rer les moyens de cr\u00e9er un rapprochement entre les deux partenaires<\/li>\n<li>D\u00e9velopper des strat\u00e9gies de rapprochement sur le plan \u00e9motif (<em><u>favoriser l&rsquo;intimit\u00e9, identifier ses malaises et sentiments agr\u00e9ables, cr\u00e9er la rapprochement, prendre de la distance<\/u><\/em>)<\/li>\n<li>D\u00e9velopper des comportements sur le plan de la communication verbale et non verbale (<em><u>savoir demander, savoir \u00e9couter, savoir s&rsquo;exprimer, apprendre \u00e0 faire des feed back, des compliments, donner des informations<\/u><\/em>), faire son autocritique.<\/li>\n<\/ul>\n\n<p><em><strong>Quelques questions fr\u00e9quemment pos\u00e9es<\/strong><\/em><\/p>\n<p><em><u>Quand doit-on envisager une th\u00e9rapie de couple ?<\/u><\/em><\/p>\n<p>La th\u00e9rapie de couple ne s&rsquo;envisage pas uniquement lorsque les probl\u00e8mes deviennent aigus. Au contraire, plus les probl\u00e8mes sont trait\u00e9s rapidement, plus ils ont de chances de se r\u00e9soudre et de ne pas arriver \u00e0 un point de non-retour.<\/p>\n<p>&nbsp;<\/p>\n<p><em>Il y a un probl\u00e8me dans notre couple, mais mon conjoint refuse de venir !<\/em><\/p>\n<p>Il est \u00e9vident qu&rsquo;une th\u00e9rapie de couple ne peut \u00eatre efficace que si les deux protagonistes sont <strong>pr\u00e9sents sur un plan physique mais aussi sur un plan motivationnel<\/strong>. S&rsquo;engager dans cette d\u00e9marche demande une implication et une volont\u00e9 commune d&rsquo;avancer. Et m\u00eame si souvent, l&rsquo;un des conjoints vient \u00e0 la premi\u00e8re s\u00e9ance un peu \u00ab\u00a0<em>entra\u00een\u00e9<\/em>\u00a0\u00bb par l&rsquo;autre, l&rsquo;obligation ou m\u00eame les menaces sont incompatibles avec une telle d\u00e9marche.<\/p>\n<p>&nbsp;<\/p>\n<p><em>Suis-je certain(e) que la th\u00e9rapie de couple va \u00ab\u00a0sauver\u00a0\u00bb mon couple ?<\/em><\/p>\n<p>L&rsquo;objectif principal de la th\u00e9rapie de couple est de r\u00e9tablir l&rsquo;<strong>harmonie et la communication<\/strong>, mais il est \u00e9galement que la vie de couple soit agr\u00e9able et que <strong>chacun s&rsquo;\u00e9panouisse<\/strong> dans la relation. Le d\u00e9nouement d&rsquo;une th\u00e9rapie de couple peut \u00eatre le retour \u00e0 une relation satisfaisante mais aussi la d\u00e9cision et l&rsquo;organisation d&rsquo;une s\u00e9paration. Le temps n\u00e9cessaire ainsi que les r\u00e9sultats d&rsquo;un tel travail sont li\u00e9s \u00e0 de nombreaux facteurs : les \u00e9v\u00e9nements ext\u00e9rieurs (ch\u00f4mage, maladie, enfants, etc&#8230;), les sentiments, les rancoeurs et les ressentiments plus ou moins pr\u00e9sents.<\/p>\n","protected":false},"excerpt":{"rendered":"<p>Etre en couple, c&rsquo;est rencontrer \u00e0 un moment ou \u00e0 un autre certaines difficult\u00e9s. Celles-ci sont parfois surmontables \u00e0 deux, mais parfois on peut ressentir le besoin d&rsquo;une tierce personne pour nous accompagner, comme lors de : Recompositions familiales Maladie, handicap d&rsquo;un partenaire ou d&rsquo;un proche de la famille Divergences \u00e9ducatives Difficult\u00e9s \u00e0 communiquer Troubles [&hellip;]<\/p>\n","protected":false},"author":1,"featured_media":0,"parent":0,"menu_order":0,"comment_status":"closed","ping_status":"closed","template":"","meta":[],"_links":{"self":[{"href":"https:\/\/psychologue91.fr\/wordpress\/wp-json\/wp\/v2\/pages\/148"}],"collection":[{"href":"https:\/\/psychologue91.fr\/wordpress\/wp-json\/wp\/v2\/pages"}],"about":[{"href":"https:\/\/psychologue91.fr\/wordpress\/wp-json\/wp\/v2\/types\/page"}],"author":[{"embeddable":true,"href":"https:\/\/psychologue91.fr\/wordpress\/wp-json\/wp\/v2\/users\/1"}],"replies":[{"embeddable":true,"href":"https:\/\/psychologue91.fr\/wordpress\/wp-json\/wp\/v2\/comments?post=148"}],"version-history":[{"count":16,"href":"https:\/\/psychologue91.fr\/wordpress\/wp-json\/wp\/v2\/pages\/148\/revisions"}],"predecessor-version":[{"id":551,"href":"https:\/\/psychologue91.fr\/wordpress\/wp-json\/wp\/v2\/pages\/148\/revisions\/551"}],"wp:attachment":[{"href":"https:\/\/psychologue91.fr\/wordpress\/wp-json\/wp\/v2\/media?parent=148"}],"curies":[{"name":"wp","href":"https:\/\/api.w.org\/{rel}","templated":true}]}}