{"id":2,"date":"2014-09-05T08:17:34","date_gmt":"2014-09-05T07:17:34","guid":{"rendered":"http:\/\/psychologue91.fr\/wordpress\/?page_id=2"},"modified":"2019-04-17T14:48:55","modified_gmt":"2019-04-17T13:48:55","slug":"les-therapies","status":"publish","type":"page","link":"https:\/\/psychologue91.fr\/wordpress\/les-therapies\/","title":{"rendered":"Les Th\u00e9rapies"},"content":{"rendered":"\n\t<p>&nbsp;<\/p>\n<p>&nbsp;<\/p>\n<p>&nbsp;<\/p>\n<p><a href=\"http:\/\/psychologue91.fr\/wordpress\/pour-enfants\/\">Les th\u00e9rapies pour enfants<\/a><\/p>\n<p>&nbsp;<\/p>\n<p><a href=\"http:\/\/psychologue91.fr\/wordpress\/pour-adolescents\/\">Les th\u00e9rapies pour adolescents<\/a><\/p>\n<p>&nbsp;<\/p>\n<p><a href=\"http:\/\/psychologue91.fr\/wordpress\/pour-adultes\/\">Les th\u00e9rapies pour adultes<\/a><\/p>\n<p>&nbsp;<\/p>\n<p><a href=\"http:\/\/psychologue91.fr\/wordpress\/pour-couples\/\">Les th\u00e9rapies pour couples<\/a><\/p>\n\n","protected":false},"excerpt":{"rendered":"<p>&nbsp; &nbsp; &nbsp; Les th\u00e9rapies pour enfants &nbsp; Les th\u00e9rapies pour adolescents &nbsp; Les th\u00e9rapies pour adultes &nbsp; Les th\u00e9rapies pour couples<\/p>\n","protected":false},"author":1,"featured_media":0,"parent":0,"menu_order":0,"comment_status":"closed","ping_status":"closed","template":"","meta":[],"_links":{"self":[{"href":"https:\/\/psychologue91.fr\/wordpress\/wp-json\/wp\/v2\/pages\/2"}],"collection":[{"href":"https:\/\/psychologue91.fr\/wordpress\/wp-json\/wp\/v2\/pages"}],"about":[{"href":"https:\/\/psychologue91.fr\/wordpress\/wp-json\/wp\/v2\/types\/page"}],"author":[{"embeddable":true,"href":"https:\/\/psychologue91.fr\/wordpress\/wp-json\/wp\/v2\/users\/1"}],"replies":[{"embeddable":true,"href":"https:\/\/psychologue91.fr\/wordpress\/wp-json\/wp\/v2\/comments?post=2"}],"version-history":[{"count":33,"href":"https:\/\/psychologue91.fr\/wordpress\/wp-json\/wp\/v2\/pages\/2\/revisions"}],"predecessor-version":[{"id":485,"href":"https:\/\/psychologue91.fr\/wordpress\/wp-json\/wp\/v2\/pages\/2\/revisions\/485"}],"wp:attachment":[{"href":"https:\/\/psychologue91.fr\/wordpress\/wp-json\/wp\/v2\/media?parent=2"}],"curies":[{"name":"wp","href":"https:\/\/api.w.org\/{rel}","templated":true}]}}