{"id":219,"date":"2017-12-15T15:22:12","date_gmt":"2017-12-15T14:22:12","guid":{"rendered":"http:\/\/psychologue91.fr\/wordpress\/?page_id=219"},"modified":"2019-02-28T15:47:20","modified_gmt":"2019-02-28T14:47:20","slug":"ma-pratique","status":"publish","type":"page","link":"https:\/\/psychologue91.fr\/wordpress\/ma-pratique\/","title":{"rendered":"Ma pratique"},"content":{"rendered":"\n<p>&nbsp;<\/p>\n<p><a href=\"http:\/\/psychologue91.fr\/wordpress\/ma-pratique\/la-psychotherapie-par-lapproche-centree-sur-la-personne\/\">La psychoth\u00e9rapie par l&rsquo;Approche Centr\u00e9e sur la Personne<\/a><\/p>\n<p>&nbsp;<\/p>\n<p><a href=\"http:\/\/psychologue91.fr\/wordpress\/ma-pratique\/un-peu-dhistoire\/\">Un peu d&rsquo;histoire&#8230; Les psychoth\u00e9rapies humanistes selon Carl Roger<\/a><\/p>\n<p>&nbsp;<\/p>\n<p><a href=\"http:\/\/psychologue91.fr\/wordpress\/le-principe-de-lacp-ou-psychologie-humaniste\/\">Le principe de l&rsquo;ACP, ou psychologie humaniste<\/a><\/p>\n<p>&nbsp;<\/p>\n<p><a href=\"http:\/\/psychologue91.fr\/wordpress\/mes-valeurs-personnelles-et-professionnelles\/\">Mes valeurs personnelles et professionnelles<\/a><\/p>\n","protected":false},"excerpt":{"rendered":"<p>&nbsp; La psychoth\u00e9rapie par l&rsquo;Approche Centr\u00e9e sur la Personne &nbsp; Un peu d&rsquo;histoire&#8230; Les psychoth\u00e9rapies humanistes selon Carl Roger &nbsp; Le principe de l&rsquo;ACP, ou psychologie humaniste &nbsp; Mes valeurs personnelles et professionnelles<\/p>\n","protected":false},"author":1,"featured_media":0,"parent":0,"menu_order":0,"comment_status":"closed","ping_status":"closed","template":"","meta":[],"_links":{"self":[{"href":"https:\/\/psychologue91.fr\/wordpress\/wp-json\/wp\/v2\/pages\/219"}],"collection":[{"href":"https:\/\/psychologue91.fr\/wordpress\/wp-json\/wp\/v2\/pages"}],"about":[{"href":"https:\/\/psychologue91.fr\/wordpress\/wp-json\/wp\/v2\/types\/page"}],"author":[{"embeddable":true,"href":"https:\/\/psychologue91.fr\/wordpress\/wp-json\/wp\/v2\/users\/1"}],"replies":[{"embeddable":true,"href":"https:\/\/psychologue91.fr\/wordpress\/wp-json\/wp\/v2\/comments?post=219"}],"version-history":[{"count":14,"href":"https:\/\/psychologue91.fr\/wordpress\/wp-json\/wp\/v2\/pages\/219\/revisions"}],"predecessor-version":[{"id":523,"href":"https:\/\/psychologue91.fr\/wordpress\/wp-json\/wp\/v2\/pages\/219\/revisions\/523"}],"wp:attachment":[{"href":"https:\/\/psychologue91.fr\/wordpress\/wp-json\/wp\/v2\/media?parent=219"}],"curies":[{"name":"wp","href":"https:\/\/api.w.org\/{rel}","templated":true}]}}