{"id":232,"date":"2017-12-18T14:39:51","date_gmt":"2017-12-18T13:39:51","guid":{"rendered":"http:\/\/psychologue91.fr\/wordpress\/?page_id=232"},"modified":"2019-04-17T14:58:13","modified_gmt":"2019-04-17T13:58:13","slug":"pour-adolescents","status":"publish","type":"page","link":"https:\/\/psychologue91.fr\/wordpress\/pour-adolescents\/","title":{"rendered":"&#8230; pour adolescents"},"content":{"rendered":"\n\t<p>&nbsp;<\/p>\n<p>Les adolescents traversent une <strong>p\u00e9riode extr\u00eamement sensible de mutations physiques et psychiques<\/strong>, lesquelles vont se manifester de diff\u00e9rentes mani\u00e8res :<\/p>\n\n<ul>\n<li>Les conduites \u00e0 risque (<em>agressivit\u00e9, fugues, rapports non prot\u00e9g\u00e9s&#8230;<\/em>)<a href=\"..\/wp-content\/uploads\/2017\/12\/teenager-959125_960_720.jpg\"><img loading=\"lazy\" src=\"..\/wp-content\/uploads\/2017\/12\/teenager-959125_960_720-300x201.jpg\" alt=\"\" width=\"300\" height=\"201\" \/><\/a><\/li>\n<li>Les difficult\u00e9s scolaires, le choix de l&rsquo;orientation et la pr\u00e9paration des examens<\/li>\n<li>Les addictions (<em>alcool, drogue, jeux&#8230;<\/em>)<\/li>\n<li>La d\u00e9pression et les tentatives de suicide<\/li>\n<li>Les troubles du sommeil<\/li>\n<li>Les troubles du comportement alimentaire (<em>anorexie, boulimie<\/em>)<\/li>\n<li>L&rsquo;\u00e9veil de la sexualit\u00e9<\/li>\n<li>Les difficult\u00e9s relationnelles (<em>avec les parents, les enseignants, les amis, camarades&#8230;<\/em>)<\/li>\n<li>Les suites d&rsquo;exp\u00e9riences traumatiques (<em>agressions, racket, harc\u00e8lement&#8230;<\/em>)<\/li>\n<\/ul>\n<p>&nbsp;<\/p>\n<p><a href=\"..\/wp-content\/uploads\/2017\/12\/deprime-adojpg.jpg\"><img loading=\"lazy\" src=\"..\/wp-content\/uploads\/2017\/12\/deprime-adojpg-300x240.jpg\" alt=\"\" width=\"300\" height=\"240\" \/><\/a><\/p>\n<p>&nbsp;<\/p>\n<p>Qualifi\u00e9e d&rsquo; \u00ab\u00a0<em>\u00e2ge ingrat<\/em>\u00ab\u00a0, l&rsquo;adolescence est un passage oblig\u00e9 entre l&rsquo;enfance, et l&rsquo;\u00e2ge adulte.<\/p>\n<p>&nbsp;<\/p>\n<p>L\u2019adolescence d\u00e9bute avec la pubert\u00e9 qui signifie \u00e9tymologiquement \u00e9poque o\u00f9 \u00ab\u00a0<em><u>apparaissent les poils pubiens\u00a0\u00bb<\/u> <\/em>; elle comporte des modifications morphologiques, des pressions sociales et des r\u00e9actions psychiques.<\/p>\n<p>Sur le plan social, <strong>l\u2019adolescent revendique plus d\u2019autonomie<\/strong>, alors qu\u2019il a encore besoin d\u2019assistance morale et mat\u00e9rielle. Les interdits, jusque l\u00e0 accept\u00e9s, ou au moins respect\u00e9s deviennent des contraintes inacceptables qu\u2019il discute et contre lesquelles <strong>il se rebelle<\/strong>.<\/p>\n<p>La scolarit\u00e9 occupe une grande partie de son temps, o\u00f9 on lui demande des efforts de concentration, <strong>le respect de r\u00e8gles<\/strong>, et des efforts intellectuels importants, alors que son corps,<strong> sa t\u00eate et son c\u0153ur sont en \u00e9bullition<\/strong>.<\/p>\n<p><strong>La pression sociale et familiale se fait ressentir<\/strong> quant \u00e0 l\u2019avenir : orientation scolaire, choix de fili\u00e8res d\u2019\u00e9tudes\u2026. avenir qui appara\u00eet souvent angoissant pour l\u2019adolescent.<\/p>\n<p>&nbsp;<\/p>\n<p>L&rsquo;adolescent fait rarement la d\u00e9marche de consulter un psychologue. Le plus souvent, il y est incit\u00e9 par ses parents, un enseignant, et\/ou un m\u00e9decin, suite \u00e0 des sympt\u00f4mes, ou suite \u00e0 des \u00ab <em><u>passages \u00e0 l\u2019acte<\/u><\/em> \u00bb qui traduisent <strong>une souffrance impossible \u00e0 nommer que l\u2019adolescent traduit en comportements inqui\u00e9tants<\/strong>.<\/p>\n<p>L\u2019adolescent peut avoir des \u00ab <em><u>conduites ordalique<\/u><\/em>s \u00bb, c\u2019est-\u00e0-dire des conduites o\u00f9 il va fr\u00f4ler la mort pour se sentir exister.<\/p>\n<p>Mais il y a aussi des ados qui, \u00e0 l\u2019inverse, <strong>souffrent en silence<\/strong>, <u>se renferment<\/u>, <u>s\u2019isolent<\/u>, <u>somatisent<\/u>, et peuvent s\u2019installer dans la <u>d\u00e9pression<\/u>.<\/p>\n<p>Dans tous les cas, consulter est n\u00e9cessaire d\u2019abord pour, \u00e0 court et moyen terne, soulager l\u2019adolescent qui souffre, et, \u00e0 long terme, pour l\u2019aider \u00e0 ne pas compromettre son avenir d\u2019adulte.<\/p>\n<p>&nbsp;<\/p>\n<p><strong>La th\u00e9rapie avec l\u2019adolescent<\/strong> est d\u2019abord un espace o\u00f9 il peut :<\/p>\n<ul>\n<li>D\u00e9poser sa souffrance,<a href=\"http:\/\/psychologue91.fr\/wordpress\/wp-content\/uploads\/2019\/02\/adolescent-1327188.jpg\"><img loading=\"lazy\" src=\"http:\/\/psychologue91.fr\/wordpress\/wp-content\/uploads\/2019\/02\/adolescent-1327188-300x200.jpg\" alt=\"\" width=\"347\" height=\"231\" \/><\/a><\/li>\n<li>B\u00e9n\u00e9ficier d&rsquo;une \u00e9coute profonde et sans jugement de son ambivalence et de son mal \u00eatre,<\/li>\n<li>Se soulager \u00e0 travers les mots pour \u00e9viter les passages \u00e0 l&rsquo;acte,<\/li>\n<li>Poser des questions, tr\u00e8s vari\u00e9es souvent, sur des \u00ab\u00a0<em><u>sujets tabous\u00a0\u00bb<\/u><\/em>,<\/li>\n<li>Comprendre son comportement, ce qu&rsquo;il ressent, et mettre du sens sur ses probl\u00e8mes,<\/li>\n<li>Le temps th\u00e9rapeutique qui est un lieu cadr\u00e9 et limit\u00e9 peut l&rsquo;aider \u00e0 trouver ses propres limites,<\/li>\n<li>Le travail avec l&rsquo;adolescent est le plus souvent une psychoth\u00e9rapie de soutien, c&rsquo;est-\u00e0-dire que la th\u00e9rapie n&rsquo;a pas pour objet de travailler sur la structure profonde, l&rsquo;adolescent \u00e9tant d\u00e9j\u00e0 en plein remaniement psychique.<\/li>\n<li>Le travail se fait sur le r\u00e9el, la vie au quotidien. La th\u00e9rapie de l&rsquo;adolescent est tr\u00e8s \u00ab\u00a0<em><u>relationnelle\u00a0\u00bb<\/u><\/em>, et se vit dans \u00ab\u00a0<em><u>l&rsquo;ici et maintenant\u00a0\u00bb<\/u><\/em>.<\/li>\n<\/ul>\n<p>&nbsp;<\/p>\n<p>L&rsquo;adolescent a besoin de s&rsquo;identifier \u00e0 l&rsquo;adulte (<em>et si possible au th\u00e9rapeute<\/em>) pour avoir<strong> l&rsquo;envie d&rsquo;\u00e9voluer<\/strong>. Il a besoin de trouver de bonnes raisons de grandir, de quitter les plaisirs infantiles pour passer d&rsquo;un monde \u00ab\u00a0<em><u>prot\u00e9g\u00e9<\/u><\/em>\u00a0\u00bb et bien connu, \u00e0 un monde \u00ab\u00a0<em><u>hostile<\/u><\/em>\u00a0\u00bb et inconnu ou m\u00e9connu.<\/p>\n","protected":false},"excerpt":{"rendered":"<p>&nbsp; Les adolescents traversent une p\u00e9riode extr\u00eamement sensible de mutations physiques et psychiques, lesquelles vont se manifester de diff\u00e9rentes mani\u00e8res : Les conduites \u00e0 risque (agressivit\u00e9, fugues, rapports non prot\u00e9g\u00e9s&#8230;) Les difficult\u00e9s scolaires, le choix de l&rsquo;orientation et la pr\u00e9paration des examens Les addictions (alcool, drogue, jeux&#8230;) La d\u00e9pression et les tentatives de suicide Les [&hellip;]<\/p>\n","protected":false},"author":1,"featured_media":0,"parent":0,"menu_order":0,"comment_status":"closed","ping_status":"closed","template":"","meta":[],"_links":{"self":[{"href":"https:\/\/psychologue91.fr\/wordpress\/wp-json\/wp\/v2\/pages\/232"}],"collection":[{"href":"https:\/\/psychologue91.fr\/wordpress\/wp-json\/wp\/v2\/pages"}],"about":[{"href":"https:\/\/psychologue91.fr\/wordpress\/wp-json\/wp\/v2\/types\/page"}],"author":[{"embeddable":true,"href":"https:\/\/psychologue91.fr\/wordpress\/wp-json\/wp\/v2\/users\/1"}],"replies":[{"embeddable":true,"href":"https:\/\/psychologue91.fr\/wordpress\/wp-json\/wp\/v2\/comments?post=232"}],"version-history":[{"count":13,"href":"https:\/\/psychologue91.fr\/wordpress\/wp-json\/wp\/v2\/pages\/232\/revisions"}],"predecessor-version":[{"id":552,"href":"https:\/\/psychologue91.fr\/wordpress\/wp-json\/wp\/v2\/pages\/232\/revisions\/552"}],"wp:attachment":[{"href":"https:\/\/psychologue91.fr\/wordpress\/wp-json\/wp\/v2\/media?parent=232"}],"curies":[{"name":"wp","href":"https:\/\/api.w.org\/{rel}","templated":true}]}}