{"id":277,"date":"2017-12-19T15:25:53","date_gmt":"2017-12-19T14:25:53","guid":{"rendered":"http:\/\/psychologue91.fr\/wordpress\/?page_id=277"},"modified":"2019-02-26T15:08:34","modified_gmt":"2019-02-26T14:08:34","slug":"le-cadre","status":"publish","type":"page","link":"https:\/\/psychologue91.fr\/wordpress\/le-cadre\/","title":{"rendered":"Le cadre"},"content":{"rendered":"\n<p>Rencontrer un psychologue ne n\u00e9cessite <strong>pas obligatoirement un investissement sur le long terme<\/strong>. Il faut avant tout \u00e9tablir un premier contact.<\/p>\n<p>&nbsp;<\/p>\n<p><strong>Le premier rendez-vous<\/strong><\/p>\n<p>Il s&rsquo;agit de <strong>faire conna\u00eessance<\/strong> et d&rsquo;instaurer <strong>un climat de confiance <\/strong>et de travail.<\/p>\n<p>Pour vous, c&rsquo;est une fa\u00e7on de d\u00e9couvrir un cadre de travail, si vous ne vous sentez pas encore pr\u00eat \u00e0 parler, si vous avez besoin de temps pour r\u00e9fl\u00e9chir, si le cadre ou ma m\u00e9thode de travail ne vous convient pas, il n&rsquo;y a <strong>aucune obligation de suivi, <\/strong>aucun engagement.<\/p>\n<p>C&rsquo;est <strong>vous et vous seul<\/strong> qui d\u00e9cidez quand, comment et avec qui engager une d\u00e9marche. Seule la <strong>confiance<\/strong> permettra un travail serein et b\u00e9n\u00e9fique.<\/p>\n<p>&nbsp;<\/p>\n<p><strong>Le suivi<\/strong><\/p>\n<ul>\n<li>Les rendez-vous se d\u00e9roulent <strong>en face \u00e0 face<\/strong>, comme lors d&rsquo;un entretien classique. <\/li>\n<li>Pas de divan et pas de n\u00e9cessit\u00e9 de s&rsquo;allonger, ni de bureau entre vous et moi.<\/li>\n<li>La dur\u00e9e d&rsquo;une s\u00e9ance est de <strong>45 minutes<\/strong>.<\/li>\n<li>Nous d\u00e9terminerons ensemble la fr\u00e9quence, la r\u00e9gularit\u00e9 de vos s\u00e9ances et celles-ci \u00e9volueront au cours du temps, en fonction de vos besoins, vos possibilit\u00e9s, votre \u00e9volution personnelle.<\/li>\n<\/ul>\n","protected":false},"excerpt":{"rendered":"<p>Rencontrer un psychologue ne n\u00e9cessite pas obligatoirement un investissement sur le long terme. Il faut avant tout \u00e9tablir un premier contact. &nbsp; Le premier rendez-vous Il s&rsquo;agit de faire conna\u00eessance et d&rsquo;instaurer un climat de confiance et de travail. Pour vous, c&rsquo;est une fa\u00e7on de d\u00e9couvrir un cadre de travail, si vous ne vous sentez [&hellip;]<\/p>\n","protected":false},"author":1,"featured_media":0,"parent":0,"menu_order":0,"comment_status":"closed","ping_status":"closed","template":"","meta":[],"_links":{"self":[{"href":"https:\/\/psychologue91.fr\/wordpress\/wp-json\/wp\/v2\/pages\/277"}],"collection":[{"href":"https:\/\/psychologue91.fr\/wordpress\/wp-json\/wp\/v2\/pages"}],"about":[{"href":"https:\/\/psychologue91.fr\/wordpress\/wp-json\/wp\/v2\/types\/page"}],"author":[{"embeddable":true,"href":"https:\/\/psychologue91.fr\/wordpress\/wp-json\/wp\/v2\/users\/1"}],"replies":[{"embeddable":true,"href":"https:\/\/psychologue91.fr\/wordpress\/wp-json\/wp\/v2\/comments?post=277"}],"version-history":[{"count":11,"href":"https:\/\/psychologue91.fr\/wordpress\/wp-json\/wp\/v2\/pages\/277\/revisions"}],"predecessor-version":[{"id":498,"href":"https:\/\/psychologue91.fr\/wordpress\/wp-json\/wp\/v2\/pages\/277\/revisions\/498"}],"wp:attachment":[{"href":"https:\/\/psychologue91.fr\/wordpress\/wp-json\/wp\/v2\/media?parent=277"}],"curies":[{"name":"wp","href":"https:\/\/api.w.org\/{rel}","templated":true}]}}