{"id":330,"date":"2019-02-11T15:21:27","date_gmt":"2019-02-11T14:21:27","guid":{"rendered":"http:\/\/psychologue91.fr\/wordpress\/?page_id=330"},"modified":"2019-04-19T09:27:35","modified_gmt":"2019-04-19T08:27:35","slug":"la-psychotherapie-par-lapproche-centree-sur-la-personne","status":"publish","type":"page","link":"https:\/\/psychologue91.fr\/wordpress\/ma-pratique\/la-psychotherapie-par-lapproche-centree-sur-la-personne\/","title":{"rendered":"La psychoth\u00e9rapie par l&rsquo;ACP"},"content":{"rendered":"\n\t<p><\/p>\n<p><strong>\u00a0<\/strong><\/p>\n<p><\/p>\n<p><\/p>\n<p>La m\u00e9thode d&rsquo;accompagnement que je mets en \u0153uvre en <strong>psychoth\u00e9rapie par la parole<\/strong> se nomme l\u2019Approche <strong>Centr\u00e9e sur la Personne<\/strong> (ACP).<\/p>\n<p><\/p>\n<p><\/p>\n<p>C&rsquo;est le socle de ma pratique, cette approche est omnipr\u00e9sente dans chacune de mes consultations.<\/p>\n<p><\/p>\n<p><\/p>\n<figure><a href=\"http:\/\/psychologue91.fr\/wordpress\/wp-content\/uploads\/2017\/12\/vRogers.jpg\"><img src=\"http:\/\/psychologue91.fr\/wordpress\/wp-content\/uploads\/2017\/12\/vRogers.jpg\" alt=\"\" \/><\/a><\/figure>\n<p><\/p>\n<p><\/p>\n<p>L&rsquo;ACP est initi\u00e9e par <strong>Carl Rogers<\/strong> (1902-1987), psychologue am\u00e9ricain, mais aussi chercheur, psychoth\u00e9rapeute et p\u00e9dagogue.<\/p>\n<p><\/p>\n<p><\/p>\n<p>Son approche d\u00e9fend l&rsquo;id\u00e9e que toute personne est \u00e0 m\u00eame de savoir ce qui est bon pour elle et <strong>d\u00e9tient les ressources n\u00e9cessaires pour prendre en main son existence et se r\u00e9aliser pleinement, si les conditions y sont favorables<\/strong>.<\/p>\n<p><\/p>\n<p><\/p>\n<p>&nbsp;<\/p>\n<p>Pour instaurer ce climat favorable, les th\u00e9rapeutes Rog\u00e9riens s&rsquo;appuient sur 3 attitudes qui sont au c\u0153ur de leur pratique : tout d&rsquo;abord l&rsquo;<strong>empathie<\/strong> du th\u00e9rapeute ou la capacit\u00e9 \u00e0 comprendre votre univers mais aussi l&rsquo;<strong>acceptation inconditionnelle<\/strong> ou le non jugement et enfin la <strong>congruence<\/strong> du th\u00e9rapeute ou son authenticit\u00e9.<\/p>\n<p><\/p>\n<p><\/p>\n<p>&nbsp;<\/p>\n<p><strong>La qualit\u00e9 de la relation qui s&rsquo;\u00e9tablie entre le th\u00e9rapeute et son patient joue un r\u00f4le essentiel dans la th\u00e9rapie<\/strong> : c&rsquo;est par la mise en \u0153uvre de ces 3 attitudes et par son aptitude \u00e0 vous en faire prendre conscience, mais aussi par la bienveillance que votre th\u00e9rapeute vous t\u00e9moigne que vous aurez l&rsquo;opportunit\u00e9 d&rsquo;acc\u00e9der \u00e0 la libert\u00e9 d&rsquo;\u00eatre pleinement vous-m\u00eame et de reprendre votre vie en mains.<\/p>\n<p><\/p>\n<p><\/p>\n<p><strong>L&rsquo;Approche Centr\u00e9e sur la Personne<\/strong> est autant un outil d&rsquo;aide th\u00e9rapeutique qu&rsquo;une philosophie de vie.<\/p>\n<p><\/p>\n","protected":false},"excerpt":{"rendered":"","protected":false},"author":1,"featured_media":0,"parent":219,"menu_order":0,"comment_status":"closed","ping_status":"closed","template":"","meta":[],"_links":{"self":[{"href":"https:\/\/psychologue91.fr\/wordpress\/wp-json\/wp\/v2\/pages\/330"}],"collection":[{"href":"https:\/\/psychologue91.fr\/wordpress\/wp-json\/wp\/v2\/pages"}],"about":[{"href":"https:\/\/psychologue91.fr\/wordpress\/wp-json\/wp\/v2\/types\/page"}],"author":[{"embeddable":true,"href":"https:\/\/psychologue91.fr\/wordpress\/wp-json\/wp\/v2\/users\/1"}],"replies":[{"embeddable":true,"href":"https:\/\/psychologue91.fr\/wordpress\/wp-json\/wp\/v2\/comments?post=330"}],"version-history":[{"count":6,"href":"https:\/\/psychologue91.fr\/wordpress\/wp-json\/wp\/v2\/pages\/330\/revisions"}],"predecessor-version":[{"id":553,"href":"https:\/\/psychologue91.fr\/wordpress\/wp-json\/wp\/v2\/pages\/330\/revisions\/553"}],"up":[{"embeddable":true,"href":"https:\/\/psychologue91.fr\/wordpress\/wp-json\/wp\/v2\/pages\/219"}],"wp:attachment":[{"href":"https:\/\/psychologue91.fr\/wordpress\/wp-json\/wp\/v2\/media?parent=330"}],"curies":[{"name":"wp","href":"https:\/\/api.w.org\/{rel}","templated":true}]}}