{"id":332,"date":"2019-02-11T15:22:11","date_gmt":"2019-02-11T14:22:11","guid":{"rendered":"http:\/\/psychologue91.fr\/wordpress\/?page_id=332"},"modified":"2019-04-19T09:47:40","modified_gmt":"2019-04-19T08:47:40","slug":"un-peu-dhistoire","status":"publish","type":"page","link":"https:\/\/psychologue91.fr\/wordpress\/ma-pratique\/un-peu-dhistoire\/","title":{"rendered":"Un peu d&rsquo;histoire&#8230; les psychoth\u00e9rapies humanistes selon Carl Rogers"},"content":{"rendered":"\n\t<p><\/p>\n<p><\/p>\n<p><\/p>\n<p>&nbsp;<\/p>\n<table border=\"1\" width=\"100%\" cellspacing=\"1\" cellpadding=\"1\">\n<tbody>\n<tr>\n<td>\n<strong>L\u2019Approche humaniste<\/strong> est un mod\u00e8le psychoth\u00e9rapeutique cherchant \u00e0 d\u00e9velopper chez la personne qui consulte (le patient) la capacit\u00e9 de faire des choix personnels (choisir, c\u2019est devenir autonome).\n<\/td>\n<\/tr>\n<\/tbody>\n<\/table>\n<p>&nbsp;<\/p>\n<p>Appel\u00e9e \u00ab <em>la troisi\u00e8me force dans la psychologie \u00bb (Third Force Psychology)<\/em>, cette psychologie humaniste (Humanistic Psychology) s\u2019est form\u00e9e en 1957-1958 aux \u00c9tats-Unis, surtout sous l\u2019impulsion d\u2019<strong>Abraham Maslow<\/strong>.<\/p>\n<p><\/p>\n<p><\/p>\n<p><\/p>\n<p><\/p>\n<p>Pour Abraham Maslow :<\/p>\n<p><\/p>\n<p><\/p>\n<ul>\n<li>la premi\u00e8re psychologie \u00e9tait la psychologie du comportement (le behaviorisme) de John B. Watson ou Skinner,<\/li>\n<\/ul>\n<p><\/p>\n<p><\/p>\n<ul>\n<li>la deuxi\u00e8me la psychanalyse de Freud,<\/li>\n<\/ul>\n<p><\/p>\n<p><\/p>\n<ul>\n<li>la troisi\u00e8me la psychologie humaniste (et existentielle),<\/li>\n<\/ul>\n<p><\/p>\n<p><\/p>\n<ul>\n<li>la quatri\u00e8me, la psychologie transpersonnelle.<\/li>\n<\/ul>\n<p><\/p>\n<p><\/p>\n<figure><a href=\"..\/..\/wp-content\/uploads\/2017\/12\/maslow.jpg\"><img loading=\"lazy\" src=\"..\/..\/wp-content\/uploads\/2017\/12\/maslow.jpg\" alt=\"\" width=\"150\" height=\"201\" \/><\/a><\/figure>\n<p><\/p>\n<p><\/p>\n<p>En 1943, il met au point une th\u00e9orie de la motivation et du besoin (la fameuse pyramide des besoins).<\/p>\n<p><\/p>\n<p><\/p>\n<p>La voie pleine et enti\u00e8re de l\u2019approche humaniste est ouverte par Carl Rogers, cr\u00e9ateur en 1954 de l\u2019Approche Centr\u00e9e sur la Personne -ACP (psychoth\u00e9rapie non directive). La non directivit\u00e9 utilis\u00e9e vise \u00e0 <strong>lib\u00e9rer les tendances positives<\/strong> de l\u2019homme chez qui existent de puissantes forces de changement.<\/p>\n<p><\/p>\n<p><\/p>\n<p>\u00ab <em>Les psychoth\u00e9rapies humanistes selon Carl Rogers se fondent sur l\u2019hypoth\u00e8se que l\u2019humanit\u00e9 est aujourd\u2019hui trop intellectuelle, d\u00e9pendante de la technologie et qu\u2019elle s\u2019est coup\u00e9e des sentiments et des \u00e9motions\u2026 Elles visent la croissance individuelle ou l\u2019auto-actualisation plut\u00f4t que l\u2019ajustement\u2026 Les approches humanistes repr\u00e9sentent un pas important vers une compr\u00e9hension holistique de la nature humaine\u2026 Un aspect important de la psychoth\u00e9rapie humaniste est le d\u00e9placement de l\u2019orientation \u00ab\u00a0intrapshysique\u00a0\u00bb ou \u00ab\u00a0intra-organique\u00a0\u00bb vers la reconnaissance des relations interpersonnelles, de l\u2019interaction familiale, des r\u00e9seaux sociaux et des influences socioculturelles et vers l\u2019introduction de consid\u00e9rations \u00e9conomiques, \u00e9cologiques et politiques.<\/em> \u00bb (Psychologie transpersonnelle (Beyond the Brain), 1983, trad., Rocher, 1984, p. 110).<\/p>\n<p><\/p>\n<p><\/p>\n<p>&nbsp;<\/p>\n<p>Dans les ann\u00e9es 1970, en France, <strong>Andr\u00e9 Rochais<\/strong> met au point au sein de l\u2019association PRH une formation humaine (stages et aide individuelle) fond\u00e9e sur une approche humaniste de la personne, en vue de sa croissance et de son d\u00e9veloppement.<\/p>\n<p><\/p>\n<p><\/p>\n<p>&nbsp;<\/p>\n<p>Citons parmi les grandes m\u00e9thodes :<\/p>\n<p><\/p>\n<p><\/p>\n<ul>\n<li>le training autog\u00e8ne de J. H. Schultz (1932),<\/li>\n<li>la \u00ab relaxation progressive \u00bb de Edmund Jacobson (1938),<\/li>\n<li>la r\u00e9\u00e9ducation psychotonique de Julian de Ajuriaguerra (1972),<\/li>\n<li>la relaxation dynamique de Alfonso Caycedo (1965),<\/li>\n<li>la relaxation psychosensorielle de Roger Vittoz (1911), d\u00e9velopp\u00e9e par Suzanne Dedet,<\/li>\n<li>la relaxation analytique de Jarreau et Klotz,<\/li>\n<li>la \u00ab relaxation th\u00e9rapeutique chez l\u2019enfant \u00bb de Henry Wintrebert (1970), ou celle de Berges et Bounes.<\/li>\n<li>Citons \u00e9galement l\u2019importance de l\u2019eutonie de Gerda Alexander (1943), m\u00eame si elle n\u2019est pas pratiqu\u00e9e par des psychoth\u00e9rapeutes, et la \u00ab relaxation psychanalytique \u00bb de Michel Sapir (1960), pratiqu\u00e9e le plus souvent par des psychanalystes.<\/li>\n<\/ul>\n<p><\/p>\n<p><\/p>\n<figure><a href=\"..\/..\/wp-content\/uploads\/2017\/12\/Sigmund_Freud.jpg\"><img src=\"..\/..\/wp-content\/uploads\/2017\/12\/Sigmund_Freud-213x300.jpg\" alt=\"\" \/><\/a><\/figure>\n<p><\/p>\n<p><\/p>\n<p><\/p>\n<p><\/p>\n<p>Une \u00e9tude publi\u00e9e en 2002, dans la \u00ab <em>Review of General Psychology<\/em> \u00bb a class\u00e9 Carl ROGERS parmi les six plus importants psychologues cliniciens du XX\u00e8me si\u00e8cle, deuxi\u00e8me derri\u00e8re <strong>Sigmund FREUD<\/strong>.<\/p>\n<p><\/p>\n","protected":false},"excerpt":{"rendered":"","protected":false},"author":1,"featured_media":0,"parent":219,"menu_order":1,"comment_status":"closed","ping_status":"closed","template":"","meta":[],"_links":{"self":[{"href":"https:\/\/psychologue91.fr\/wordpress\/wp-json\/wp\/v2\/pages\/332"}],"collection":[{"href":"https:\/\/psychologue91.fr\/wordpress\/wp-json\/wp\/v2\/pages"}],"about":[{"href":"https:\/\/psychologue91.fr\/wordpress\/wp-json\/wp\/v2\/types\/page"}],"author":[{"embeddable":true,"href":"https:\/\/psychologue91.fr\/wordpress\/wp-json\/wp\/v2\/users\/1"}],"replies":[{"embeddable":true,"href":"https:\/\/psychologue91.fr\/wordpress\/wp-json\/wp\/v2\/comments?post=332"}],"version-history":[{"count":8,"href":"https:\/\/psychologue91.fr\/wordpress\/wp-json\/wp\/v2\/pages\/332\/revisions"}],"predecessor-version":[{"id":558,"href":"https:\/\/psychologue91.fr\/wordpress\/wp-json\/wp\/v2\/pages\/332\/revisions\/558"}],"up":[{"embeddable":true,"href":"https:\/\/psychologue91.fr\/wordpress\/wp-json\/wp\/v2\/pages\/219"}],"wp:attachment":[{"href":"https:\/\/psychologue91.fr\/wordpress\/wp-json\/wp\/v2\/media?parent=332"}],"curies":[{"name":"wp","href":"https:\/\/api.w.org\/{rel}","templated":true}]}}