{"id":334,"date":"2019-02-11T15:23:13","date_gmt":"2019-02-11T14:23:13","guid":{"rendered":"http:\/\/psychologue91.fr\/wordpress\/?page_id=334"},"modified":"2019-03-15T15:45:06","modified_gmt":"2019-03-15T14:45:06","slug":"le-principe-de-lacp-ou-psychologie-humaniste","status":"publish","type":"page","link":"https:\/\/psychologue91.fr\/wordpress\/le-principe-de-lacp-ou-psychologie-humaniste\/","title":{"rendered":"Le principe de l&rsquo;ACP, ou psychologie humaniste"},"content":{"rendered":"\n\t<p><\/p>\n<p>La psychologie humaniste s&rsquo;appuie sur l&rsquo;exp\u00e9rience consciente du patient et introduit le postulat de l&rsquo;autod\u00e9termination : il s&rsquo;agit de <strong>d\u00e9velopper<\/strong> chez la personne qui sonsulte <strong>la capacit\u00e9 de faire des choix personnels<\/strong>.<\/p>\n<p><\/p>\n<p><\/p>\n<p>Pour <strong>Carl Rogers<\/strong> et ses successeurs,<strong> l&rsquo;\u00eatre humain est fondamentalement bon<\/strong>, dans le sens o\u00f9 il \u00e9voluera toujours positivement s&rsquo;il suit son instinct, son exp\u00e9rience. La violence et la pr\u00e9dation ne sont que les fruits de la d\u00e9sesp\u00e9rance et en aucun cas un choix de comportement dict\u00e9 par la rentabilit\u00e9, la facilit\u00e9 ou le principe du plaisir : en cela, la psychologie humaniste rejoint la sociologie humaniste et aussi l&rsquo;humanisme religieux.<\/p>\n<p><\/p>\n<p><\/p>\n<p><\/p>\n<p><\/p>\n\n<p><strong>Ses caract\u00e9ristiques<\/strong><\/p>\n<p><\/p>\n<p><\/p>\n<p>Si ce courant n&rsquo;est pas homog\u00e8ne, on peut citer certaines caract\u00e9ristiques communes.<\/p>\n<p><\/p>\n<p><\/p>\n<p>Tout d&rsquo;abord, une conception de l&rsquo;\u00eatre humain qui s&rsquo;exprime par les notions de <strong>respect<\/strong> de la personne, de <strong>responsabilit\u00e9<\/strong>, de <strong>libert\u00e9<\/strong>, d&rsquo;<strong>authenticit\u00e9<\/strong>, d&rsquo;<strong>exp\u00e9rience<\/strong>, de <strong>rencontre<\/strong> ou relation existencielle ou <strong>alliance th\u00e9rapeutique<\/strong> (c&rsquo;est-a-dire, une relation de personne \u00e0 personne et non de th\u00e9rapeute \u00e0 patient).<\/p>\n<p><\/p>\n<p><\/p>\n\n<p><\/p>\n<p><\/p>\n<p>Ensuite, nous retrouvons souvent les caract\u00e9ristiques suivantes :<\/p>\n<p><\/p>\n<p><\/p>\n<ul>\n<li>utilisation fr\u00e9quente de techniques de groupes ;<\/li>\n<li>accent mis sur l&rsquo;<strong>exp\u00e9rience pr\u00e9sente<\/strong> (Ici et maintenant) ;<\/li>\n<li>place importante aux approches corporelles ;<\/li>\n<li>suppression ou att\u00e9nuation de la dichotomie entre malade et sant\u00e9 ;<\/li>\n<li>objectifs de d\u00e9veloppement, de croissance, d&rsquo;\u00e9panouissement personnel ;<\/li>\n<li>importance de l&rsquo;<strong>expression \u00e9motionnelle<\/strong> et de la communication non verbale.<\/li>\n<\/ul>\n<p><\/p>\n<p><\/p>\n\n<p>C&rsquo;est dans ce cadre que se sont d\u00e9velopp\u00e9es les th\u00e9rapies de conscience psychocorporelles utilisant la relaxation et l&rsquo;am\u00e9lioration ou restructuration du sch\u00e9ma corporel.<\/p>\n<p><\/p>\n","protected":false},"excerpt":{"rendered":"<p>La psychologie humaniste s&rsquo;appuie sur l&rsquo;exp\u00e9rience consciente du patient et introduit le postulat de l&rsquo;autod\u00e9termination : il s&rsquo;agit de d\u00e9velopper chez la personne qui sonsulte la capacit\u00e9 de faire des choix personnels. Pour Carl Rogers et ses successeurs, l&rsquo;\u00eatre humain est fondamentalement bon, dans le sens o\u00f9 il \u00e9voluera toujours positivement s&rsquo;il suit son instinct, [&hellip;]<\/p>\n","protected":false},"author":1,"featured_media":0,"parent":0,"menu_order":2,"comment_status":"closed","ping_status":"closed","template":"","meta":[],"_links":{"self":[{"href":"https:\/\/psychologue91.fr\/wordpress\/wp-json\/wp\/v2\/pages\/334"}],"collection":[{"href":"https:\/\/psychologue91.fr\/wordpress\/wp-json\/wp\/v2\/pages"}],"about":[{"href":"https:\/\/psychologue91.fr\/wordpress\/wp-json\/wp\/v2\/types\/page"}],"author":[{"embeddable":true,"href":"https:\/\/psychologue91.fr\/wordpress\/wp-json\/wp\/v2\/users\/1"}],"replies":[{"embeddable":true,"href":"https:\/\/psychologue91.fr\/wordpress\/wp-json\/wp\/v2\/comments?post=334"}],"version-history":[{"count":5,"href":"https:\/\/psychologue91.fr\/wordpress\/wp-json\/wp\/v2\/pages\/334\/revisions"}],"predecessor-version":[{"id":535,"href":"https:\/\/psychologue91.fr\/wordpress\/wp-json\/wp\/v2\/pages\/334\/revisions\/535"}],"wp:attachment":[{"href":"https:\/\/psychologue91.fr\/wordpress\/wp-json\/wp\/v2\/media?parent=334"}],"curies":[{"name":"wp","href":"https:\/\/api.w.org\/{rel}","templated":true}]}}