{"id":457,"date":"2019-02-26T11:06:59","date_gmt":"2019-02-26T10:06:59","guid":{"rendered":"http:\/\/psychologue91.fr\/wordpress\/?page_id=457"},"modified":"2019-04-17T14:39:32","modified_gmt":"2019-04-17T13:39:32","slug":"psychotherapeute","status":"publish","type":"page","link":"https:\/\/psychologue91.fr\/wordpress\/les-psy\/psychotherapeute\/","title":{"rendered":"Psychoth\u00e9rapeute"},"content":{"rendered":"\n\t<br \/>\nle psychoth\u00e9rapeute est celui qui <strong>propose une psychoth\u00e9rapie<\/strong>. Elle peut \u00eatre <strong>d&rsquo;inspiration vari\u00e9e<\/strong>, \u00e0 choisir selon son besoin, sa demande et sa motivation (<em>th\u00e9rapie analytique, th\u00e9rapie comportementale et cognitive, th\u00e9rapie syst\u00e9mique, hypnose, &#8230;<\/em>).\n<p><\/p>\n<p>Bien souvent, le psychoth\u00e9rapeute est un psychologue ou un psychiatre qui propose des psychoth\u00e9rapies, c&rsquo;est \u00e0 dire un travail sur soi, sur un d\u00e9lai plus ou moins long, afin de r\u00e9soudre un ou plusieurs probl\u00e8mes.<\/p>\n<p>&nbsp;<\/p>\n<p><a href=\"..\/..\/wp-content\/uploads\/2017\/12\/therapie.jpg\"><img loading=\"lazy\" src=\"..\/..\/wp-content\/uploads\/2017\/12\/therapie-300x200.jpg\" alt=\"\" width=\"300\" height=\"200\" \/><\/a><\/p>\n<p>&nbsp;<\/p>\n<p>Depuis mai 2010, le <strong>titre<\/strong> de psychoth\u00e9rapeute <strong>est prot\u00e9g\u00e9<\/strong> (<em>d\u00e9cret n\u00b0 2010-534 du 20 mai 2010, relatif \u00e0 l&rsquo;usage du titre de psychoth\u00e9rapeute, consolid\u00e9 au 9 mai 2012 par le d\u00e9cret n\u00b0 2012-695<\/em>). Il ne peut \u00eatre demand\u00e9 que par les psychologues, les psychiatres, les psychanalystes membres d&rsquo;une association reconnue et les m\u00e9decins non sp\u00e9cialistes, ces derniers devant suivre une formation compl\u00e9mentaire.<\/p>\n<br \/>\n\n<p><\/p>\nTout professionnel souhaitant faire usage de ce titre doit \u00eatre inscrit sur la liste r\u00e9gionale des psychoth\u00e9rapeutes, contr\u00f4l\u00e9e par l&rsquo;<strong>Agence R\u00e9gionale de Sant\u00e9<\/strong>.<br \/>\n\n","protected":false},"excerpt":{"rendered":"","protected":false},"author":1,"featured_media":0,"parent":7,"menu_order":3,"comment_status":"closed","ping_status":"closed","template":"","meta":[],"_links":{"self":[{"href":"https:\/\/psychologue91.fr\/wordpress\/wp-json\/wp\/v2\/pages\/457"}],"collection":[{"href":"https:\/\/psychologue91.fr\/wordpress\/wp-json\/wp\/v2\/pages"}],"about":[{"href":"https:\/\/psychologue91.fr\/wordpress\/wp-json\/wp\/v2\/types\/page"}],"author":[{"embeddable":true,"href":"https:\/\/psychologue91.fr\/wordpress\/wp-json\/wp\/v2\/users\/1"}],"replies":[{"embeddable":true,"href":"https:\/\/psychologue91.fr\/wordpress\/wp-json\/wp\/v2\/comments?post=457"}],"version-history":[{"count":8,"href":"https:\/\/psychologue91.fr\/wordpress\/wp-json\/wp\/v2\/pages\/457\/revisions"}],"predecessor-version":[{"id":546,"href":"https:\/\/psychologue91.fr\/wordpress\/wp-json\/wp\/v2\/pages\/457\/revisions\/546"}],"up":[{"embeddable":true,"href":"https:\/\/psychologue91.fr\/wordpress\/wp-json\/wp\/v2\/pages\/7"}],"wp:attachment":[{"href":"https:\/\/psychologue91.fr\/wordpress\/wp-json\/wp\/v2\/media?parent=457"}],"curies":[{"name":"wp","href":"https:\/\/api.w.org\/{rel}","templated":true}]}}