{"id":461,"date":"2019-02-26T11:08:38","date_gmt":"2019-02-26T10:08:38","guid":{"rendered":"http:\/\/psychologue91.fr\/wordpress\/?page_id=461"},"modified":"2019-03-15T15:31:33","modified_gmt":"2019-03-15T14:31:33","slug":"psychanalyste","status":"publish","type":"page","link":"https:\/\/psychologue91.fr\/wordpress\/les-psy\/psychanalyste\/","title":{"rendered":"Psychanalyste"},"content":{"rendered":"\n\t<p><!--StartFragment--><\/p>\n<p><\/p>\n<p>Un psychanalyste est une personne <strong>qui a suivi une psychanalyse<\/strong> et qui va, \u00e0 son tour, <strong>diriger une cure analytique<\/strong>. Seule la pratique d&rsquo;une psychanalyse dans un premier temps, puis la reconnaissance parmi les pairs dans un second temps, obtenue \u00e0 l&rsquo;aide de travaux communiqu\u00e9s dans les diverses associations de psychanalyse, permet d&rsquo;\u00eatre reconnu en tant que psychanalyste.<\/p>\n<br \/>\n\n<p><\/p>\n<p><a href=\"http:\/\/psychologue91.fr\/wordpress\/wp-content\/uploads\/2019\/02\/12220239-therapist-working-with-patient-on-hypnosis-s.jpg\"><img loading=\"lazy\" src=\"http:\/\/psychologue91.fr\/wordpress\/wp-content\/uploads\/2019\/02\/12220239-therapist-working-with-patient-on-hypnosis-s-300x200.jpg\" alt=\"\" width=\"300\" height=\"200\" \/><\/a><\/p>\n<p>Entreprendre une psychanalyse, c&rsquo;est entreprendre un travail de fond, qui va durer quelques ann\u00e9es, \u00e0 raison de pusieurs s\u00e9ances par semaine. Cette d\u00e9marche singuli\u00e8re correspond \u00e0 une indication pr\u00e9cise et n\u00e9cessite un engagement sur le long terme.<\/p>\n<br \/>\n\n<p><\/p>\n<p>Le titre de psychanalyste n&rsquo;est ni reconnu ni prot\u00e9g\u00e9 par la loi et n&rsquo;est sanctionn\u00e9 par aucun dipl\u00f4me.<\/p>\n<p><\/p>\n<p><!--EndFragment--><\/p>\n","protected":false},"excerpt":{"rendered":"<p>Un psychanalyste est une personne qui a suivi une psychanalyse et qui va, \u00e0 son tour, diriger une cure analytique. Seule la pratique d&rsquo;une psychanalyse dans un premier temps, puis la reconnaissance parmi les pairs dans un second temps, obtenue \u00e0 l&rsquo;aide de travaux communiqu\u00e9s dans les diverses associations de psychanalyse, permet d&rsquo;\u00eatre reconnu en [&hellip;]<\/p>\n","protected":false},"author":1,"featured_media":0,"parent":7,"menu_order":4,"comment_status":"closed","ping_status":"closed","template":"","meta":[],"_links":{"self":[{"href":"https:\/\/psychologue91.fr\/wordpress\/wp-json\/wp\/v2\/pages\/461"}],"collection":[{"href":"https:\/\/psychologue91.fr\/wordpress\/wp-json\/wp\/v2\/pages"}],"about":[{"href":"https:\/\/psychologue91.fr\/wordpress\/wp-json\/wp\/v2\/types\/page"}],"author":[{"embeddable":true,"href":"https:\/\/psychologue91.fr\/wordpress\/wp-json\/wp\/v2\/users\/1"}],"replies":[{"embeddable":true,"href":"https:\/\/psychologue91.fr\/wordpress\/wp-json\/wp\/v2\/comments?post=461"}],"version-history":[{"count":5,"href":"https:\/\/psychologue91.fr\/wordpress\/wp-json\/wp\/v2\/pages\/461\/revisions"}],"predecessor-version":[{"id":531,"href":"https:\/\/psychologue91.fr\/wordpress\/wp-json\/wp\/v2\/pages\/461\/revisions\/531"}],"up":[{"embeddable":true,"href":"https:\/\/psychologue91.fr\/wordpress\/wp-json\/wp\/v2\/pages\/7"}],"wp:attachment":[{"href":"https:\/\/psychologue91.fr\/wordpress\/wp-json\/wp\/v2\/media?parent=461"}],"curies":[{"name":"wp","href":"https:\/\/api.w.org\/{rel}","templated":true}]}}