{"id":504,"date":"2019-02-27T13:32:44","date_gmt":"2019-02-27T12:32:44","guid":{"rendered":"http:\/\/psychologue91.fr\/wordpress\/?page_id=504"},"modified":"2019-03-15T15:34:20","modified_gmt":"2019-03-15T14:34:20","slug":"pour-enfants","status":"publish","type":"page","link":"https:\/\/psychologue91.fr\/wordpress\/pour-enfants\/","title":{"rendered":"&#8230; pour enfants"},"content":{"rendered":"\n\t<p>Le d\u00e9veloppement d\u2019un enfant peut \u00eatre d\u00e9s\u00e9quilibr\u00e9 pour de nombreuses raisons et se manifeste de diff\u00e9rentes mani\u00e8res :<\/p>\n<ul>\n<li>Les difficult\u00e9s scolaires<a href=\"..\/wp-content\/uploads\/2017\/11\/hands-918774.jpg\"><img loading=\"lazy\" src=\"..\/wp-content\/uploads\/2017\/11\/hands-918774-300x225.jpg\" sizes=\"(max-width: 300px) 100vw, 300px\" srcset=\"http:\/\/psychologue91.fr\/wordpress\/wp-content\/uploads\/2017\/11\/hands-918774-300x225.jpg 300w, http:\/\/psychologue91.fr\/wordpress\/wp-content\/uploads\/2017\/11\/hands-918774.jpg 448w\" alt=\"\" width=\"300\" height=\"225\" \/><\/a><\/li>\n<li>Les difficult\u00e9s dans la relation parents\/enfants<\/li>\n<li>La s\u00e9paration des parents, les familles recompos\u00e9es<\/li>\n<li>L&rsquo;arriv\u00e9e d&rsquo;un petit fr\u00e8re ou d&rsquo;une petite soeur<\/li>\n<li>L&rsquo;hyperactivit\u00e9<\/li>\n<li>Les troubles alimentaires et du sommeil<\/li>\n<li>Les angoisses nocturnes, angoisses de s\u00e9paration<\/li>\n<li>Les troubles du comportement, l&rsquo;agressivit\u00e9<\/li>\n<li>L&rsquo;\u00e9nur\u00e9sie, l&rsquo;encopr\u00e9sie&#8230;<\/li>\n<li>Les comportements de replis ou de grande timidit\u00e9.<\/li>\n<\/ul>\n<p>L\u2019enfant se plaint rarement d\u2019une \u00ab <em><u>souffrance psychologique<\/u><\/em> \u00bb, ce sont le plus souvent les parents, un proche, ou les enseignants qui sont interpell\u00e9s par un changement de comportement ou des difficult\u00e9s.<\/p>\n<p>Ainsi, ce sont des <strong>sympt\u00f4mes<\/strong> ou des <strong>situations particuli\u00e8res<\/strong> qui am\u00e8nent les parents \u00e0 venir consulter pour leur enfant. Les sympt\u00f4mes sont pour l\u2019enfant une fa\u00e7on d\u2019exprimer une souffrance, ce sont des \u00ab <em><u>maux<\/u> <\/em>\u00bb qu\u2019il ne peut pas dire avec des \u00ab <em><u>mots<\/u><\/em> \u00bb.<\/p>\n<p>&nbsp;<\/p>\n<p><strong>La psychoth\u00e9rapie va l\u2019aider <\/strong>\u00e0 d\u00e9nouer <u>les n\u0153uds inconscients<\/u> qui le font souffrir, et \u00e0 trouver des r\u00e9solutions psychiques qui vont permettre \u00e0 l\u2019enfant de \u00ab <em><u>l\u00e2cher<\/u><\/em> \u00bb le sympt\u00f4me.<\/p>\n<p>&nbsp;<\/p>\n<p><u>La premi\u00e8re consultation se fait quasi syst\u00e9matiquement en pr\u00e9sence des parents<\/u> (ou un des parents) qui m&rsquo;expliquent les raisons qui les ont amen\u00e9s \u00e0 consulter. Cette premi\u00e8re entrevue permet de conna\u00eetre l\u2019histoire de l\u2019enfant et la composition de la famille.<\/p>\n<p>Par la suite, j\u2019\u00e9tablis un <strong>premier contact<\/strong> avec l\u2019enfant, en pr\u00e9sence de ses parents, afin qu&rsquo;il soit rassur\u00e9 lors de cette d\u00e9marche.<\/p>\n<p>Les s\u00e9ances se font ensuite <strong>en t\u00eate \u00e0 t\u00eate avec l\u2019enfant<\/strong>, et en dehors de \u00ab <em>points bilans<\/em> \u00bb faits avec les parents, tout ce qui est dit entre le th\u00e9rapeute et l\u2019enfant reste <strong>confidentiel<\/strong>.<\/p>\n<p>L\u2019enfant doit se sentir en s\u00e9curit\u00e9 et en confiance afin de s\u2019exprimer librement. Le fait que l\u2019enfant puisse faire confiance en l\u2019adulte, et qu\u2019il puisse se sentir compris dans sa souffrance est tr\u00e8s r\u00e9parateur.<\/p>\n<p>La relation du th\u00e9rapeute avec l\u2019enfant <strong>bas\u00e9e sur la s\u00e9curit\u00e9<\/strong>, la <strong>confiance<\/strong> et la <strong>compr\u00e9hension<\/strong>, est n\u00e9cessaire \u00e0 un travail efficace. Cette relation, contrairement \u00e0 celle \u00e9tablie avec l\u2019adulte, sur des bases intellectuelles et culturelles, se fait avec l\u2019enfant \u00e0 travers certains vecteurs qui touchent tout particuli\u00e8rement l\u2019enfant.<\/p>\n<p>&nbsp;<\/p>\n<p>Dans les s\u00e9ances de th\u00e9rapie d\u2019enfant, j\u2019utilise parfois, en fonction de l\u2019\u00e2ge de l\u2019enfant, de sa personnalit\u00e9 et du probl\u00e8me \u00e0 traiter :<\/p>\n\n<p><strong>LE JEU <\/strong><strong>:<\/strong> r\u00e9v\u00e9lateur du \u00ab <em>JE<\/em> \u00bb, il est essentiel pour <strong><a href=\"..\/wp-content\/uploads\/2017\/12\/jeu-enfant.jpg\"><img loading=\"lazy\" src=\"..\/wp-content\/uploads\/2017\/12\/jeu-enfant-300x200.jpg\" sizes=\"(max-width: 300px) 100vw, 300px\" srcset=\"http:\/\/psychologue91.fr\/wordpress\/wp-content\/uploads\/2017\/12\/jeu-enfant-300x200.jpg 300w, http:\/\/psychologue91.fr\/wordpress\/wp-content\/uploads\/2017\/12\/jeu-enfant-768x512.jpg 768w, http:\/\/psychologue91.fr\/wordpress\/wp-content\/uploads\/2017\/12\/jeu-enfant.jpg 960w\" alt=\"\" width=\"300\" height=\"200\" \/><\/a><\/strong>l\u2019enfant.Il est<strong> source de cr\u00e9ations, de connaissances,<\/strong><strong>d\u2019exp\u00e9rimentations, d\u2019\u00e9volution<\/strong>. Il lui permet d\u2019exprimer sans risque ses \u00e9motions et de \u00ab <em>rejouer<\/em> \u00bb les sc\u00e8nes de sa vie quotidienne. L\u2019enfant peut ainsi mettre en perspective des situations auxquelles il est confront\u00e9, et d\u00e9velopper <u>une meilleure compr\u00e9hension de son monde int\u00e9rieur<\/u> et de son environnement familial et social.<\/p>\n<p>&nbsp;<\/p>\n<p><a href=\"..\/wp-content\/uploads\/2017\/12\/dessin-d-enfant.jpg\"><img loading=\"lazy\" src=\"..\/wp-content\/uploads\/2017\/12\/dessin-d-enfant-300x212.jpg\" sizes=\"(max-width: 300px) 100vw, 300px\" srcset=\"http:\/\/psychologue91.fr\/wordpress\/wp-content\/uploads\/2017\/12\/dessin-d-enfant-300x212.jpg 300w, http:\/\/psychologue91.fr\/wordpress\/wp-content\/uploads\/2017\/12\/dessin-d-enfant-768x542.jpg 768w, http:\/\/psychologue91.fr\/wordpress\/wp-content\/uploads\/2017\/12\/dessin-d-enfant.jpg 960w\" alt=\"\" width=\"300\" height=\"212\" \/><\/a><\/p>\n<p><strong>LE DESSIN <\/strong><strong>: favorise l\u2019\u00e9laboration des sentiments<\/strong> et des repr\u00e9sentations psychiques de l\u2019enfant. Il peut se substituer aux repr\u00e9sentations verbales. Le dessin est une voie privil\u00e9gi\u00e9e de l\u2019inconscient au m\u00eame titre que le langage.<\/p>\n","protected":false},"excerpt":{"rendered":"<p>Le d\u00e9veloppement d\u2019un enfant peut \u00eatre d\u00e9s\u00e9quilibr\u00e9 pour de nombreuses raisons et se manifeste de diff\u00e9rentes mani\u00e8res : Les difficult\u00e9s scolaires Les difficult\u00e9s dans la relation parents\/enfants La s\u00e9paration des parents, les familles recompos\u00e9es L&rsquo;arriv\u00e9e d&rsquo;un petit fr\u00e8re ou d&rsquo;une petite soeur L&rsquo;hyperactivit\u00e9 Les troubles alimentaires et du sommeil Les angoisses nocturnes, angoisses de s\u00e9paration [&hellip;]<\/p>\n","protected":false},"author":1,"featured_media":0,"parent":0,"menu_order":0,"comment_status":"closed","ping_status":"closed","template":"","meta":[],"_links":{"self":[{"href":"https:\/\/psychologue91.fr\/wordpress\/wp-json\/wp\/v2\/pages\/504"}],"collection":[{"href":"https:\/\/psychologue91.fr\/wordpress\/wp-json\/wp\/v2\/pages"}],"about":[{"href":"https:\/\/psychologue91.fr\/wordpress\/wp-json\/wp\/v2\/types\/page"}],"author":[{"embeddable":true,"href":"https:\/\/psychologue91.fr\/wordpress\/wp-json\/wp\/v2\/users\/1"}],"replies":[{"embeddable":true,"href":"https:\/\/psychologue91.fr\/wordpress\/wp-json\/wp\/v2\/comments?post=504"}],"version-history":[{"count":3,"href":"https:\/\/psychologue91.fr\/wordpress\/wp-json\/wp\/v2\/pages\/504\/revisions"}],"predecessor-version":[{"id":532,"href":"https:\/\/psychologue91.fr\/wordpress\/wp-json\/wp\/v2\/pages\/504\/revisions\/532"}],"wp:attachment":[{"href":"https:\/\/psychologue91.fr\/wordpress\/wp-json\/wp\/v2\/media?parent=504"}],"curies":[{"name":"wp","href":"https:\/\/api.w.org\/{rel}","templated":true}]}}