{"id":518,"date":"2019-02-28T15:39:08","date_gmt":"2019-02-28T14:39:08","guid":{"rendered":"http:\/\/psychologue91.fr\/wordpress\/?page_id=518"},"modified":"2022-05-30T12:54:15","modified_gmt":"2022-05-30T11:54:15","slug":"le-cabinet","status":"publish","type":"page","link":"https:\/\/psychologue91.fr\/wordpress\/le-cabinet\/","title":{"rendered":"Le cabinet"},"content":{"rendered":"\n\n<p><strong>LOCALISATION DU CABINET <\/strong><\/p>\n<p>&nbsp;<\/p>\n<p>&nbsp;<\/p>\n<table>\n<tbody>\n<tr>\n\n\n<\/tr>\n<\/tbody>\n<\/table>\n<p><a href=\"http:\/\/psychologue91.fr\/wordpress\/wp-content\/uploads\/2021\/08\/IMG_8847.jpg\"><img loading=\"lazy\" src=\"http:\/\/psychologue91.fr\/wordpress\/wp-content\/uploads\/2021\/08\/IMG_8847-300x225.jpg\" alt=\"\" width=\"300\" height=\"225\" \/><\/a><\/p>\n<p>&nbsp;<\/p>\n<p>&nbsp;<\/p>\n<p>Le cabinet se situe au<\/p>\n<p>28, rue Lucien Bouget<\/p>\n<p>91220 Br\u00e9tigny-sur-Orge<\/p>\n<p>&nbsp;<\/p>\n<p>&nbsp;<\/p>\n<p>&nbsp;<\/p>\n<p>&nbsp;<\/p>\n<p>Pour vous garer, vous avez deux possibilit\u00e9s :<\/p>\n<ul>\n<li>Sur les places qui longent le cabinet, en \u00e9pi, pensez \u00e0 mettre votre disque bleu, qui donne acc\u00e8s \u00e0 1h30 gratuite.<\/li>\n<\/ul>\n<p>&nbsp;<\/p>\n<ul>\n<li>Sur les places du grand parking du march\u00e9 couvert, il vous faut rentrer votre plaque d&rsquo;immatriculation dans l&rsquo;horodateur, prendre le ticket et le positionner dans votre voiture, pour obtenir 2 heures gratuites.<\/li>\n<\/ul>\n<p>&nbsp;<\/p>\n<p><em>\u00a0<\/em><\/p>\n<p>&nbsp;<\/p>\n<p><strong>REGLEMENT DES SEANCES<\/strong><\/p>\n<p>&nbsp;<\/p>\n<p>Tarif : Mes honoraires sont de <strong>70 euros<\/strong> par s\u00e9ance.<a href=\"http:\/\/psychologue91.fr\/wordpress\/wp-content\/uploads\/2021\/08\/IMG_8851.jpg\"><img loading=\"lazy\" src=\"http:\/\/psychologue91.fr\/wordpress\/wp-content\/uploads\/2021\/08\/IMG_8851-300x225.jpg\" alt=\"\" width=\"300\" height=\"225\" \/><\/a><\/p>\n<p>Le r\u00e8glement s&rsquo;effectue \u00e0 chaque s\u00e9ance, en <strong>esp\u00e8ces<\/strong> ou par <strong>ch\u00e8que<\/strong>.<\/p>\n<p><em>La s\u00e9curit\u00e9 sociale ne prend pas en charge les consultations de psychologie. <\/em><\/p>\n<p><em>Certaines \u00ab <strong>compl\u00e9mentaires sant\u00e9<\/strong> \u00bb proposent des remboursements partiels : renseignez-vous aupr\u00e8s de votre mutuelle.<\/em><\/p>\n\n","protected":false},"excerpt":{"rendered":"<p>LOCALISATION DU CABINET &nbsp; &nbsp; &nbsp; &nbsp; Le cabinet se situe au 28, rue Lucien Bouget 91220 Br\u00e9tigny-sur-Orge &nbsp; &nbsp; &nbsp; &nbsp; Pour vous garer, vous avez deux possibilit\u00e9s : Sur les places qui longent le cabinet, en \u00e9pi, pensez \u00e0 mettre votre disque bleu, qui donne acc\u00e8s \u00e0 1h30 gratuite. &nbsp; Sur les places [&hellip;]<\/p>\n","protected":false},"author":1,"featured_media":0,"parent":0,"menu_order":0,"comment_status":"closed","ping_status":"closed","template":"","meta":[],"_links":{"self":[{"href":"https:\/\/psychologue91.fr\/wordpress\/wp-json\/wp\/v2\/pages\/518"}],"collection":[{"href":"https:\/\/psychologue91.fr\/wordpress\/wp-json\/wp\/v2\/pages"}],"about":[{"href":"https:\/\/psychologue91.fr\/wordpress\/wp-json\/wp\/v2\/types\/page"}],"author":[{"embeddable":true,"href":"https:\/\/psychologue91.fr\/wordpress\/wp-json\/wp\/v2\/users\/1"}],"replies":[{"embeddable":true,"href":"https:\/\/psychologue91.fr\/wordpress\/wp-json\/wp\/v2\/comments?post=518"}],"version-history":[{"count":5,"href":"https:\/\/psychologue91.fr\/wordpress\/wp-json\/wp\/v2\/pages\/518\/revisions"}],"predecessor-version":[{"id":571,"href":"https:\/\/psychologue91.fr\/wordpress\/wp-json\/wp\/v2\/pages\/518\/revisions\/571"}],"wp:attachment":[{"href":"https:\/\/psychologue91.fr\/wordpress\/wp-json\/wp\/v2\/media?parent=518"}],"curies":[{"name":"wp","href":"https:\/\/api.w.org\/{rel}","templated":true}]}}