{"id":7,"date":"2015-08-13T09:16:01","date_gmt":"2015-08-13T08:16:01","guid":{"rendered":"http:\/\/test-install-prestashop.tk\/?page_id=7"},"modified":"2019-04-17T14:53:13","modified_gmt":"2019-04-17T13:53:13","slug":"les-psy","status":"publish","type":"page","link":"https:\/\/psychologue91.fr\/wordpress\/les-psy\/","title":{"rendered":"Les \u00ab\u00a0Psy\u00a0\u00bb"},"content":{"rendered":"\n\t<p>Allez voir un \u00ab\u00a0<em>psy<\/em>\u00ab\u00a0, c&rsquo;est aller \u00e0 la rencontre d&rsquo;un professionnel de l&rsquo;humain, quelle que soit sa d\u00e9nomination.<\/p>\n<p>C&rsquo;est avant tout une volont\u00e9 de mieux se conna\u00eetre, se comprendre, s&rsquo;accepter, s&rsquo;estimer. Cela peut aussi \u00eatre une aide passag\u00e8re pour traverser un moment difficile de la vie ou accompagner un changement. <\/p>\n<p>Prendre soin de soi, c&rsquo;est aussi prendre du temps pour soi, pour parler en toute libert\u00e9 de ce qui p\u00e8se, emp\u00eache d&rsquo;avancer, pour pouvoir ensuite continuer sereinement son chemin.<\/p>\nMais pour s&rsquo;y retrouver, savoir ce qui correspondrait le mieux aux attentes de chacun, il faut d&rsquo;abord s&rsquo;entendre sur la d\u00e9finition des \u00ab\u00a0<em><strong>psys<\/strong><\/em>\u00ab\u00a0. Ce pr\u00e9fixe recouvre plusieurs m\u00e9tiers avec chacun ses champs de comp\u00e9tences, ses sp\u00e9cialit\u00e9s et ses obligations :<br \/>\n\n<ul>\n<li><a href=\"http:\/\/psychologue91.fr\/wordpress\/les-psy\/psychiatre\/\">Psychiatre<\/a><\/li>\n<li><a href=\"http:\/\/psychologue91.fr\/wordpress\/les-psy\/psychologue\/\">Psychologue<\/a><\/li>\n<li><a href=\"http:\/\/psychologue91.fr\/wordpress\/les-psy\/psychotherapeute\/\">Psychoth\u00e9rapeute<\/a><\/li>\n<li><a href=\"http:\/\/psychologue91.fr\/wordpress\/les-psy\/psychanalyste\/\">Psychanalyste<\/a><\/li>\n<\/ul>\n<p>\u00a0<\/p>\n","protected":false},"excerpt":{"rendered":"<p>Allez voir un \u00ab\u00a0psy\u00ab\u00a0, c&rsquo;est aller \u00e0 la rencontre d&rsquo;un professionnel de l&rsquo;humain, quelle que soit sa d\u00e9nomination. C&rsquo;est avant tout une volont\u00e9 de mieux se conna\u00eetre, se comprendre, s&rsquo;accepter, s&rsquo;estimer. Cela peut aussi \u00eatre une aide passag\u00e8re pour traverser un moment difficile de la vie ou accompagner un changement. Prendre soin de soi, c&rsquo;est [&hellip;]<\/p>\n","protected":false},"author":1,"featured_media":0,"parent":0,"menu_order":0,"comment_status":"closed","ping_status":"closed","template":"","meta":[],"_links":{"self":[{"href":"https:\/\/psychologue91.fr\/wordpress\/wp-json\/wp\/v2\/pages\/7"}],"collection":[{"href":"https:\/\/psychologue91.fr\/wordpress\/wp-json\/wp\/v2\/pages"}],"about":[{"href":"https:\/\/psychologue91.fr\/wordpress\/wp-json\/wp\/v2\/types\/page"}],"author":[{"embeddable":true,"href":"https:\/\/psychologue91.fr\/wordpress\/wp-json\/wp\/v2\/users\/1"}],"replies":[{"embeddable":true,"href":"https:\/\/psychologue91.fr\/wordpress\/wp-json\/wp\/v2\/comments?post=7"}],"version-history":[{"count":38,"href":"https:\/\/psychologue91.fr\/wordpress\/wp-json\/wp\/v2\/pages\/7\/revisions"}],"predecessor-version":[{"id":549,"href":"https:\/\/psychologue91.fr\/wordpress\/wp-json\/wp\/v2\/pages\/7\/revisions\/549"}],"wp:attachment":[{"href":"https:\/\/psychologue91.fr\/wordpress\/wp-json\/wp\/v2\/media?parent=7"}],"curies":[{"name":"wp","href":"https:\/\/api.w.org\/{rel}","templated":true}]}}